{"id":1002254,"date":"2026-04-13T21:32:31","date_gmt":"2026-04-13T19:32:31","guid":{"rendered":"https:\/\/gubic-tuning.hr\/login\/"},"modified":"2026-05-11T20:05:13","modified_gmt":"2026-05-11T18:05:13","slug":"partneri","status":"publish","type":"page","link":"https:\/\/gubic-tuning.hr\/en\/partneri\/","title":{"rendered":"Partneri"},"content":{"rendered":"<div data-elementor-type=\"wp-page\" data-elementor-id=\"1002254\" class=\"elementor elementor-1002254\" data-elementor-post-type=\"page\">\n\t\t\t\t<div class=\"elementor-element elementor-element-6a73ce1b e-con-full e-flex e-con e-parent\" data-id=\"6a73ce1b\" data-element_type=\"container\" data-e-type=\"container\">\n\t\t<div class=\"elementor-element elementor-element-59a0e801 elementor-hidden-phone e-con-full e-flex e-con e-child\" data-id=\"59a0e801\" data-element_type=\"container\" data-e-type=\"container\">\n\t\t\t\t<\/div>\n\t\t<div class=\"elementor-element elementor-element-3542c5ae e-con-full e-flex e-con e-child\" data-id=\"3542c5ae\" data-element_type=\"container\" data-e-type=\"container\" data-settings=\"{&quot;background_background&quot;:&quot;classic&quot;}\">\n\t\t\t\t<div class=\"elementor-element elementor-element-7256bd43 elementor-widget elementor-widget-spacer\" data-id=\"7256bd43\" data-element_type=\"widget\" data-e-type=\"widget\" data-widget_type=\"spacer.default\">\n\t\t\t\t<div class=\"elementor-widget-container\">\n\t\t\t\t\t\t\t<div class=\"elementor-spacer\">\n\t\t\t<div class=\"elementor-spacer-inner\"><\/div>\n\t\t<\/div>\n\t\t\t\t\t\t<\/div>\n\t\t\t\t<\/div>\n\t\t\t\t<\/div>\n\t\t\t\t<\/div>\n\t\t<div class=\"elementor-element elementor-element-4d96d4ee e-flex e-con-boxed e-con e-parent\" data-id=\"4d96d4ee\" data-element_type=\"container\" data-e-type=\"container\">\n\t\t\t\t\t<div class=\"e-con-inner\">\n\t\t<div class=\"elementor-element elementor-element-5c7d7255 e-con-full e-flex e-con e-child\" data-id=\"5c7d7255\" data-element_type=\"container\" data-e-type=\"container\" data-settings=\"{&quot;background_background&quot;:&quot;classic&quot;}\">\n\t\t\t\t<div class=\"elementor-element elementor-element-40622e1a elementor-invisible elementor-widget elementor-widget-heading\" data-id=\"40622e1a\" data-element_type=\"widget\" data-e-type=\"widget\" data-settings=\"{&quot;_animation&quot;:&quot;fadeInUp&quot;,&quot;_animation_tablet&quot;:&quot;none&quot;,&quot;_animation_mobile&quot;:&quot;none&quot;}\" data-widget_type=\"heading.default\">\n\t\t\t\t<div class=\"elementor-widget-container\">\n\t\t\t\t\t<h6 class=\"elementor-heading-title elementor-size-default\">GUBI\u0106 TUNING<\/h6>\t\t\t\t<\/div>\n\t\t\t\t<\/div>\n\t\t\t\t<div class=\"elementor-element elementor-element-626d3765 elementor-invisible elementor-widget elementor-widget-heading\" data-id=\"626d3765\" data-element_type=\"widget\" data-e-type=\"widget\" data-settings=\"{&quot;_animation&quot;:&quot;fadeIn&quot;,&quot;_animation_tablet&quot;:&quot;none&quot;,&quot;_animation_mobile&quot;:&quot;none&quot;,&quot;_animation_delay&quot;:200}\" data-widget_type=\"heading.default\">\n\t\t\t\t<div class=\"elementor-widget-container\">\n\t\t\t\t\t<h1 class=\"elementor-heading-title elementor-size-default\">PARTNERI<\/h1>\t\t\t\t<\/div>\n\t\t\t\t<\/div>\n\t\t\t\t<\/div>\n\t\t<div class=\"elementor-element elementor-element-2ad101aa elementor-hidden-phone e-con-full e-flex e-con e-child\" data-id=\"2ad101aa\" data-element_type=\"container\" data-e-type=\"container\">\n\t\t\t\t<\/div>\n\t\t\t\t\t<\/div>\n\t\t\t\t<\/div>\n\t\t<div class=\"elementor-element elementor-element-a747938 e-flex e-con-boxed e-con e-parent\" data-id=\"a747938\" data-element_type=\"container\" data-e-type=\"container\">\n\t\t\t\t\t<div class=\"e-con-inner\">\n\t\t\t\t<div class=\"elementor-element elementor-element-06a084b elementor-invisible elementor-widget elementor-widget-heading\" data-id=\"06a084b\" data-element_type=\"widget\" data-e-type=\"widget\" data-settings=\"{&quot;_animation&quot;:&quot;fadeIn&quot;}\" data-widget_type=\"heading.default\">\n\t\t\t\t<div class=\"elementor-widget-container\">\n\t\t\t\t\t<h2 class=\"elementor-heading-title elementor-size-default\">\u2022 PODR\u0160KA ZA NA\u0160E OVLA\u0160TENE PARTNERE I DISTRIBUTERE<\/h2>\t\t\t\t<\/div>\n\t\t\t\t<\/div>\n\t\t\t\t\t<\/div>\n\t\t\t\t<\/div>\n\t\t<div class=\"elementor-element elementor-element-019ccaf e-flex e-con-boxed e-con e-parent\" data-id=\"019ccaf\" data-element_type=\"container\" data-e-type=\"container\">\n\t\t\t\t\t<div class=\"e-con-inner\">\n\t\t\t\t<div class=\"elementor-element elementor-element-b40bf48 elementor-align-left elementor-widget elementor-widget-button\" data-id=\"b40bf48\" data-element_type=\"widget\" data-e-type=\"widget\" data-widget_type=\"button.default\">\n\t\t\t\t<div class=\"elementor-widget-container\">\n\t\t\t\t\t\t\t\t\t<div class=\"elementor-button-wrapper\">\n\t\t\t\t\t<a class=\"elementor-button elementor-button-link elementor-size-sm\" href=\"https:\/\/gubic-tuning.hr\/en\/podrska\/\">\n\t\t\t\t\t\t<span class=\"elementor-button-content-wrapper\">\n\t\t\t\t\t\t<span class=\"elementor-button-icon\">\n\t\t\t\t<i aria-hidden=\"true\" class=\"vamtamtheme- vamtam-theme-arrow-left\"><\/i>\t\t\t<\/span>\n\t\t\t\t\t\t\t\t\t<span class=\"elementor-button-text\">PRIJAVA<\/span>\n\t\t\t\t\t<\/span>\n\t\t\t\t\t<\/a>\n\t\t\t\t<\/div>\n\t\t\t\t\t\t\t\t<\/div>\n\t\t\t\t<\/div>\n\t\t\t\t\t<\/div>\n\t\t\t\t<\/div>\n\t\t\t\t<\/div>","protected":false},"excerpt":{"rendered":"<p>GUBI\u0106 TUNING PARTNERI \u2022 PODR\u0160KA ZA NA\u0160E OVLA\u0160TENE PARTNERE I DISTRIBUTERE PRIJAVA<\/p>","protected":false},"author":17,"featured_media":0,"parent":0,"menu_order":0,"comment_status":"closed","ping_status":"closed","template":"","meta":{"footnotes":""},"class_list":["post-1002254","page","type-page","status-publish","hentry"],"yoast_head":"<!-- This site is optimized with the Yoast SEO plugin v27.6 - https:\/\/yoast.com\/product\/yoast-seo-wordpress\/ -->\n<title>Partneri - Gubi\u0107 Tuning<\/title>\n<meta name=\"robots\" content=\"noindex, nofollow\" \/>\n<meta name=\"twitter:label1\" content=\"Estimated reading time\" \/>\n\t<meta name=\"twitter:data1\" content=\"1 minute\" \/>\n<script type=\"application\/ld+json\" class=\"yoast-schema-graph\">{\"@context\":\"https:\\\/\\\/schema.org\",\"@graph\":[{\"@type\":\"WebPage\",\"@id\":\"https:\\\/\\\/gubic-tuning.hr\\\/partneri\\\/\",\"url\":\"https:\\\/\\\/gubic-tuning.hr\\\/partneri\\\/\",\"name\":\"Partneri - Gubi\u0107 Tuning\",\"isPartOf\":{\"@id\":\"https:\\\/\\\/gubic-tuning.hr\\\/#website\"},\"datePublished\":\"2026-04-13T19:32:31+00:00\",\"dateModified\":\"2026-05-11T18:05:13+00:00\",\"breadcrumb\":{\"@id\":\"https:\\\/\\\/gubic-tuning.hr\\\/partneri\\\/#breadcrumb\"},\"inLanguage\":\"en-GB\",\"potentialAction\":[{\"@type\":\"ReadAction\",\"target\":[\"https:\\\/\\\/gubic-tuning.hr\\\/partneri\\\/\"]}]},{\"@type\":\"BreadcrumbList\",\"@id\":\"https:\\\/\\\/gubic-tuning.hr\\\/partneri\\\/#breadcrumb\",\"itemListElement\":[{\"@type\":\"ListItem\",\"position\":1,\"name\":\"Home\",\"item\":\"https:\\\/\\\/gubic-tuning.hr\\\/\"},{\"@type\":\"ListItem\",\"position\":2,\"name\":\"Partneri\"}]},{\"@type\":\"WebSite\",\"@id\":\"https:\\\/\\\/gubic-tuning.hr\\\/#website\",\"url\":\"https:\\\/\\\/gubic-tuning.hr\\\/\",\"name\":\"Gubi\u0107 Tuning\",\"description\":\"Chiptuning, mapiranje, dijagnostika\",\"publisher\":{\"@id\":\"https:\\\/\\\/gubic-tuning.hr\\\/#organization\"},\"potentialAction\":[{\"@type\":\"SearchAction\",\"target\":{\"@type\":\"EntryPoint\",\"urlTemplate\":\"https:\\\/\\\/gubic-tuning.hr\\\/?s={search_term_string}\"},\"query-input\":{\"@type\":\"PropertyValueSpecification\",\"valueRequired\":true,\"valueName\":\"search_term_string\"}}],\"inLanguage\":\"en-GB\"},{\"@type\":\"Organization\",\"@id\":\"https:\\\/\\\/gubic-tuning.hr\\\/#organization\",\"name\":\"Gubi\u0107 Tuning\",\"url\":\"https:\\\/\\\/gubic-tuning.hr\\\/\",\"logo\":{\"@type\":\"ImageObject\",\"inLanguage\":\"en-GB\",\"@id\":\"https:\\\/\\\/gubic-tuning.hr\\\/#\\\/schema\\\/logo\\\/image\\\/\",\"url\":\"https:\\\/\\\/gubic-tuning.hr\\\/wp-content\\\/uploads\\\/2022\\\/08\\\/gubic-tuning_logo_large.png\",\"contentUrl\":\"https:\\\/\\\/gubic-tuning.hr\\\/wp-content\\\/uploads\\\/2022\\\/08\\\/gubic-tuning_logo_large.png\",\"width\":390,\"height\":100,\"caption\":\"Gubi\u0107 Tuning\"},\"image\":{\"@id\":\"https:\\\/\\\/gubic-tuning.hr\\\/#\\\/schema\\\/logo\\\/image\\\/\"}}]}<\/script>\n<!-- \/ Yoast SEO plugin. -->","yoast_head_json":{"title":"Partneri - Gubi\u0107 Tuning","robots":{"index":"noindex","follow":"nofollow"},"twitter_misc":{"Estimated reading time":"1 minute"},"schema":{"@context":"https:\/\/schema.org","@graph":[{"@type":"WebPage","@id":"https:\/\/gubic-tuning.hr\/partneri\/","url":"https:\/\/gubic-tuning.hr\/partneri\/","name":"Partneri - Gubi\u0107 Tuning","isPartOf":{"@id":"https:\/\/gubic-tuning.hr\/#website"},"datePublished":"2026-04-13T19:32:31+00:00","dateModified":"2026-05-11T18:05:13+00:00","breadcrumb":{"@id":"https:\/\/gubic-tuning.hr\/partneri\/#breadcrumb"},"inLanguage":"en-GB","potentialAction":[{"@type":"ReadAction","target":["https:\/\/gubic-tuning.hr\/partneri\/"]}]},{"@type":"BreadcrumbList","@id":"https:\/\/gubic-tuning.hr\/partneri\/#breadcrumb","itemListElement":[{"@type":"ListItem","position":1,"name":"Home","item":"https:\/\/gubic-tuning.hr\/"},{"@type":"ListItem","position":2,"name":"Partneri"}]},{"@type":"WebSite","@id":"https:\/\/gubic-tuning.hr\/#website","url":"https:\/\/gubic-tuning.hr\/","name":"Gubi\u0107 Tuning","description":"Chiptuning, mapiranje, dijagnostika","publisher":{"@id":"https:\/\/gubic-tuning.hr\/#organization"},"potentialAction":[{"@type":"SearchAction","target":{"@type":"EntryPoint","urlTemplate":"https:\/\/gubic-tuning.hr\/?s={search_term_string}"},"query-input":{"@type":"PropertyValueSpecification","valueRequired":true,"valueName":"search_term_string"}}],"inLanguage":"en-GB"},{"@type":"Organization","@id":"https:\/\/gubic-tuning.hr\/#organization","name":"Gubi\u0107 Tuning","url":"https:\/\/gubic-tuning.hr\/","logo":{"@type":"ImageObject","inLanguage":"en-GB","@id":"https:\/\/gubic-tuning.hr\/#\/schema\/logo\/image\/","url":"https:\/\/gubic-tuning.hr\/wp-content\/uploads\/2022\/08\/gubic-tuning_logo_large.png","contentUrl":"https:\/\/gubic-tuning.hr\/wp-content\/uploads\/2022\/08\/gubic-tuning_logo_large.png","width":390,"height":100,"caption":"Gubi\u0107 Tuning"},"image":{"@id":"https:\/\/gubic-tuning.hr\/#\/schema\/logo\/image\/"}}]}},"_links":{"self":[{"href":"https:\/\/gubic-tuning.hr\/en\/wp-json\/wp\/v2\/pages\/1002254","targetHints":{"allow":["GET"]}}],"collection":[{"href":"https:\/\/gubic-tuning.hr\/en\/wp-json\/wp\/v2\/pages"}],"about":[{"href":"https:\/\/gubic-tuning.hr\/en\/wp-json\/wp\/v2\/types\/page"}],"author":[{"embeddable":true,"href":"https:\/\/gubic-tuning.hr\/en\/wp-json\/wp\/v2\/users\/17"}],"replies":[{"embeddable":true,"href":"https:\/\/gubic-tuning.hr\/en\/wp-json\/wp\/v2\/comments?post=1002254"}],"version-history":[{"count":63,"href":"https:\/\/gubic-tuning.hr\/en\/wp-json\/wp\/v2\/pages\/1002254\/revisions"}],"predecessor-version":[{"id":1004068,"href":"https:\/\/gubic-tuning.hr\/en\/wp-json\/wp\/v2\/pages\/1002254\/revisions\/1004068"}],"wp:attachment":[{"href":"https:\/\/gubic-tuning.hr\/en\/wp-json\/wp\/v2\/media?parent=1002254"}],"curies":[{"name":"wp","href":"https:\/\/api.w.org\/{rel}","templated":true}]}}