{"id":3,"date":"2021-02-05T17:34:55","date_gmt":"2021-02-05T17:34:55","guid":{"rendered":"https:\/\/macchina.vamtam.com\/?page_id=3"},"modified":"2026-02-23T14:07:19","modified_gmt":"2026-02-23T12:07:19","slug":"politika-privatnosti","status":"publish","type":"page","link":"https:\/\/gubic-tuning.hr\/en\/politika-privatnosti\/","title":{"rendered":"Privacy policy"},"content":{"rendered":"<div data-elementor-type=\"wp-page\" data-elementor-id=\"3\" class=\"elementor elementor-3\" data-elementor-post-type=\"page\">\n\t\t\t\t\t\t<section class=\"elementor-section elementor-top-section elementor-element elementor-element-44278d1 elementor-section-boxed elementor-section-height-default elementor-section-height-default\" data-id=\"44278d1\" data-element_type=\"section\" data-e-type=\"section\">\n\t\t\t\t\t\t<div class=\"elementor-container elementor-column-gap-no\">\n\t\t\t\t\t<div class=\"elementor-column elementor-col-100 elementor-top-column elementor-element elementor-element-ff31d07\" data-id=\"ff31d07\" data-element_type=\"column\" data-e-type=\"column\">\n\t\t\t<div class=\"elementor-widget-wrap elementor-element-populated\">\n\t\t\t\t\t\t<div class=\"elementor-element elementor-element-f4f06e9 elementor-widget elementor-widget-spacer\" data-id=\"f4f06e9\" data-element_type=\"widget\" data-e-type=\"widget\" data-widget_type=\"spacer.default\">\n\t\t\t\t<div class=\"elementor-widget-container\">\n\t\t\t\t\t\t\t<div class=\"elementor-spacer\">\n\t\t\t<div class=\"elementor-spacer-inner\"><\/div>\n\t\t<\/div>\n\t\t\t\t\t\t<\/div>\n\t\t\t\t<\/div>\n\t\t\t\t<div class=\"elementor-element elementor-element-67d556d elementor-widget elementor-widget-heading\" data-id=\"67d556d\" data-element_type=\"widget\" data-e-type=\"widget\" data-widget_type=\"heading.default\">\n\t\t\t\t<div class=\"elementor-widget-container\">\n\t\t\t\t\t<h2 class=\"elementor-heading-title elementor-size-default\">PRIVACY POLICY<\/h2>\t\t\t\t<\/div>\n\t\t\t\t<\/div>\n\t\t\t\t<div class=\"elementor-element elementor-element-5a0beb9 elementor-widget elementor-widget-spacer\" data-id=\"5a0beb9\" data-element_type=\"widget\" data-e-type=\"widget\" data-widget_type=\"spacer.default\">\n\t\t\t\t<div class=\"elementor-widget-container\">\n\t\t\t\t\t\t\t<div class=\"elementor-spacer\">\n\t\t\t<div class=\"elementor-spacer-inner\"><\/div>\n\t\t<\/div>\n\t\t\t\t\t\t<\/div>\n\t\t\t\t<\/div>\n\t\t\t\t\t<\/div>\n\t\t<\/div>\n\t\t\t\t\t<\/div>\n\t\t<\/section>\n\t\t\t\t<section class=\"elementor-section elementor-top-section elementor-element elementor-element-581b164c elementor-section-boxed elementor-section-height-default elementor-section-height-default\" data-id=\"581b164c\" data-element_type=\"section\" data-e-type=\"section\">\n\t\t\t\t\t\t<div class=\"elementor-container elementor-column-gap-default\">\n\t\t\t\t\t<div class=\"elementor-column elementor-col-100 elementor-top-column elementor-element elementor-element-2e484033\" data-id=\"2e484033\" data-element_type=\"column\" data-e-type=\"column\">\n\t\t\t<div class=\"elementor-widget-wrap elementor-element-populated\">\n\t\t\t\t\t\t<div class=\"vamtam-has-theme-widget-styles elementor-element elementor-element-36d31838 elementor-widget-tablet__width-initial elementor-widget-mobile__width-initial elementor-widget elementor-widget-text-editor\" data-id=\"36d31838\" data-element_type=\"widget\" data-e-type=\"widget\" data-widget_type=\"text-editor.default\">\n\t\t\t\t<div class=\"elementor-widget-container\">\n\t\t\t\t\t\t\t\t\t<p><strong>INTRODUCTION<\/strong><\/p><p>&#8220;GUBI\u0106 TUNING&#8221;\u00a0 vl. Goran Gubi\u0107 se zala\u017ee za za\u0161titu privatnosti na\u0161ih gostiju. Prepoznajemo svoje obveze u a\u017euriranju i pro\u0161irenju ovog programa u skladu sa zahtjevima GDPR-a. Op\u0107a uredba o za\u0161titi podataka EU-a (\u201cGDPR\u201d) stupila je na snagu 25. svibnja 2018. Nova Uredba ima za cilj standardizirati zakone o za\u0161titi podataka i obradu u cijeloj EU, daju\u0107i ljudima ve\u0107a prava na pristup i kontrolu svojih osobnih podataka. Kontaktirajte nas na info@gubic-tuning.hr ako imate bilo kakvih pitanja ili problema u vezi s kori\u0161tenjem va\u0161ih osobnih podataka i rado \u0107emo vam pomo\u0107i. Kori\u0161tenjem ove stranice ili\/i na\u0161ih usluga pristajete na obradu va\u0161ih osobnih podataka kako je opisano u ovim Pravilima privatnosti.<\/p><p><strong>DATA SUBJECT RIGHTS<\/strong><\/p><p>Pru\u017eamo vam jednostavan pristup osobnim podacima koje &#8220;GUBI\u0106 TUNING&#8221; vl. Goran Gubi\u0107 obra\u0111uje o vama i tra\u017ei informacije o tome koje osobne podatke o vama dr\u017eimo, svrhu obrade, kategorije osobnih podataka o kojima se radi, primatelje kojima \u0107e osobni podaci biti\/\u0107e biti otkriveni, koliko dugo namjeravamo pohraniti va\u0161e osobne podatke, ako podatke nismo prikupili izravno od vas \u2013 informacije o izvoru, pravo da se nepotpuni ili neto\u010dni podaci o vama isprave ili dopune i postupak za to, pravo na podno\u0161enje pritu\u017ebe ili tra\u017eenje pravnog lijeka i kome se obratiti u takvim slu\u010dajevima.<\/p><p><strong>COLLECTION AND USE OF YOUR DATA<\/strong><\/p><p>Podaci koje nam date posjetom na\u0161oj web stranici www.gubic-tuning.hr (va\u0161a e-mail adresa, ime, broj telefona) koristit \u0107e se za isporuku proizvoda\/usluge ili za pobolj\u0161anje korisni\u010dkog iskustva s nama. Podatke koje nam date spremamo kako biste mogli komentirati ili obavljati druge aktivnosti na web stranici. Za ispravan prikaz tipografije ova stranica koristi Google Web Fonts. Prilikom u\u010ditavanja stranice, va\u0161 preglednik \u0161alje va\u0161u IP adresu Googleovim poslu\u017eiteljima u SAD-u kako bi se fontovi mogli ispravno prikazati.<\/p><p><strong>COOKIES<\/strong><\/p><p>Kola\u010di\u0107i omogu\u0107uju web stranici da zapamti va\u0161e postavke, pobolj\u0161a korisni\u010dko iskustvo i prilagodi oglase koje vidite onima koji su vam najrelevantniji. Kola\u010di\u0107i se \u0161alju natrag na izvornu stranicu pri svakom sljede\u0107em posjetu ili na drugu stranicu koja prepoznaje kola\u010di\u0107. Tako\u0111er koristimo druge oblike tehnologije koji slu\u017ee sli\u010dnoj svrsi kao i kola\u010di\u0107i i koji nam omogu\u0107uju pra\u0107enje i pobolj\u0161anje na\u0161ih stranica i aplikacija. Koristimo ih u vezi s kola\u010di\u0107ima kako bismo pomogli u radu na\u0161ih web stranica i e-po\u0161te te prikupljali informacije o mre\u017enim aktivnostima. Kada govorimo o kola\u010di\u0107ima u ovoj Politici, ovaj pojam uklju\u010duje ove sli\u010dne tehnologije. Koristimo kola\u010di\u0107e kako bismo vam pru\u017eili uslugu koju ste zatra\u017eili te analizirali i pobolj\u0161ali va\u0161e iskustvo pregledavanja. Tehni\u010dki nu\u017eni kola\u010di\u0107i koje koristimo uklju\u010duju: <code class=\"o8j0Mc\" dir=\"ltr\" data-complete=\"true\" data-sae=\"\">moove_gdpr_popup<\/code>\u00a0(pohranjuje va\u0161e postavke privole na godinu dana) i standardne WordPress sesijske kola\u010di\u0107e neophodne za rad sustava.<\/p><p><strong>DATA PROTECTION<\/strong><\/p><p>We collect personal data with appropriate legal, technical and organizational security measures to prevent any unauthorized processing of data. Access to your personal information is limited to those employees who need this information to provide our services. We continually educate our employees about the importance of confidentiality of the data and to protect the privacy and protection of your data. We collect only those data that are necessary for the subject processing and we do not keep them longer than necessary or determined by legal regulations.<\/p><p><strong>CHANGES TO THIS PRIVACY POLICY<\/strong><\/p><p>U slu\u010daju bilo kakvih promjena a\u017eurirat \u0107emo na\u0161u Izjavu na na\u0161oj web stranici www.gubic-tuning.hr kako bi odra\u017eavali promjene u na\u0161im praksama privatnosti. Poti\u010demo vas da povremeno pregledavate ovu stranicu za najnovije informacije o na\u0161im praksama privatnosti.<\/p><p><strong>UPRAVLJANJE PRIVOLOM<\/strong><\/p><p>Svoju odluku o prihva\u0107anju ili odbijanju kola\u010di\u0107a mo\u017eete promijeniti u svakom trenutku. Na svakoj stranici u donjem kutu nalazi se plutaju\u0107a ikona &#8220;Privatnost&#8221; (mjehuri\u0107). Klikom na nju ponovno otvarate postavke i mo\u017eete povu\u0107i ili promijeniti svoj pristanak.<\/p><p><strong>CONTACT INFORMATION<\/strong><\/p><p>&#8220;GUBI\u0106 TUNING&#8221;\u00a0 vl. Goran Gubi\u0107<\/p><p>Mladice Odvojak 4,\u00a0 10090 ZAGREB<\/p><p>info@gubic-tuning.hr<\/p>\t\t\t\t\t\t\t\t<\/div>\n\t\t\t\t<\/div>\n\t\t\t\t\t<\/div>\n\t\t<\/div>\n\t\t\t\t\t<\/div>\n\t\t<\/section>\n\t\t\t\t<\/div>","protected":false},"excerpt":{"rendered":"<p>IZJAVA O ZA\u0160TITI I PRIKUPLJANJU OSOBNIH PODATAKA I NJIHOVOM KORI\u0160TENJU UVOD &#8220;GUBI\u0106 TUNING&#8221;\u00a0 vl. Goran Gubi\u0107 se zala\u017ee za za\u0161titu privatnosti na\u0161ih gostiju. Prepoznajemo svoje obveze u a\u017euriranju i pro\u0161irenju ovog programa u skladu sa zahtjevima GDPR-a. Op\u0107a uredba o za\u0161titi podataka EU-a (\u201cGDPR\u201d) stupila je na snagu 25. svibnja 2018. Nova Uredba ima za&#8230;<\/p>","protected":false},"author":17,"featured_media":993917,"parent":0,"menu_order":0,"comment_status":"closed","ping_status":"open","template":"","meta":{"footnotes":""},"class_list":["post-3","page","type-page","status-publish","has-post-thumbnail","hentry"],"yoast_head":"<!-- This site is optimized with the Yoast SEO plugin v27.5 - https:\/\/yoast.com\/product\/yoast-seo-wordpress\/ -->\n<title>Politika privatnosti - Gubi\u0107 Tuning<\/title>\n<meta name=\"robots\" content=\"index, follow, max-snippet:-1, max-image-preview:large, max-video-preview:-1\" \/>\n<link rel=\"canonical\" href=\"https:\/\/gubic-tuning.hr\/en\/politika-privatnosti\/\" \/>\n<meta name=\"twitter:label1\" content=\"Estimated reading time\" \/>\n\t<meta name=\"twitter:data1\" content=\"4 minutes\" \/>\n<script type=\"application\/ld+json\" class=\"yoast-schema-graph\">{\"@context\":\"https:\\\/\\\/schema.org\",\"@graph\":[{\"@type\":\"WebPage\",\"@id\":\"https:\\\/\\\/gubic-tuning.hr\\\/politika-privatnosti\\\/\",\"url\":\"https:\\\/\\\/gubic-tuning.hr\\\/politika-privatnosti\\\/\",\"name\":\"Politika privatnosti - Gubi\u0107 Tuning\",\"isPartOf\":{\"@id\":\"https:\\\/\\\/gubic-tuning.hr\\\/#website\"},\"primaryImageOfPage\":{\"@id\":\"https:\\\/\\\/gubic-tuning.hr\\\/politika-privatnosti\\\/#primaryimage\"},\"image\":{\"@id\":\"https:\\\/\\\/gubic-tuning.hr\\\/politika-privatnosti\\\/#primaryimage\"},\"thumbnailUrl\":\"https:\\\/\\\/gubic-tuning.hr\\\/wp-content\\\/uploads\\\/2026\\\/02\\\/cropped-GT-Favicon.png\",\"datePublished\":\"2021-02-05T17:34:55+00:00\",\"dateModified\":\"2026-02-23T12:07:19+00:00\",\"breadcrumb\":{\"@id\":\"https:\\\/\\\/gubic-tuning.hr\\\/politika-privatnosti\\\/#breadcrumb\"},\"inLanguage\":\"en-GB\",\"potentialAction\":[{\"@type\":\"ReadAction\",\"target\":[\"https:\\\/\\\/gubic-tuning.hr\\\/politika-privatnosti\\\/\"]}]},{\"@type\":\"ImageObject\",\"inLanguage\":\"en-GB\",\"@id\":\"https:\\\/\\\/gubic-tuning.hr\\\/politika-privatnosti\\\/#primaryimage\",\"url\":\"https:\\\/\\\/gubic-tuning.hr\\\/wp-content\\\/uploads\\\/2026\\\/02\\\/cropped-GT-Favicon.png\",\"contentUrl\":\"https:\\\/\\\/gubic-tuning.hr\\\/wp-content\\\/uploads\\\/2026\\\/02\\\/cropped-GT-Favicon.png\",\"width\":512,\"height\":512,\"caption\":\"gubic-tuning-favicon-3\"},{\"@type\":\"BreadcrumbList\",\"@id\":\"https:\\\/\\\/gubic-tuning.hr\\\/politika-privatnosti\\\/#breadcrumb\",\"itemListElement\":[{\"@type\":\"ListItem\",\"position\":1,\"name\":\"Home\",\"item\":\"https:\\\/\\\/gubic-tuning.hr\\\/\"},{\"@type\":\"ListItem\",\"position\":2,\"name\":\"Politika privatnosti\"}]},{\"@type\":\"WebSite\",\"@id\":\"https:\\\/\\\/gubic-tuning.hr\\\/#website\",\"url\":\"https:\\\/\\\/gubic-tuning.hr\\\/\",\"name\":\"Gubi\u0107 Tuning\",\"description\":\"Chiptuning, mapiranje, dijagnostika\",\"publisher\":{\"@id\":\"https:\\\/\\\/gubic-tuning.hr\\\/#organization\"},\"potentialAction\":[{\"@type\":\"SearchAction\",\"target\":{\"@type\":\"EntryPoint\",\"urlTemplate\":\"https:\\\/\\\/gubic-tuning.hr\\\/?s={search_term_string}\"},\"query-input\":{\"@type\":\"PropertyValueSpecification\",\"valueRequired\":true,\"valueName\":\"search_term_string\"}}],\"inLanguage\":\"en-GB\"},{\"@type\":\"Organization\",\"@id\":\"https:\\\/\\\/gubic-tuning.hr\\\/#organization\",\"name\":\"Gubi\u0107 Tuning\",\"url\":\"https:\\\/\\\/gubic-tuning.hr\\\/\",\"logo\":{\"@type\":\"ImageObject\",\"inLanguage\":\"en-GB\",\"@id\":\"https:\\\/\\\/gubic-tuning.hr\\\/#\\\/schema\\\/logo\\\/image\\\/\",\"url\":\"https:\\\/\\\/gubic-tuning.hr\\\/wp-content\\\/uploads\\\/2022\\\/08\\\/gubic-tuning_logo_large.png\",\"contentUrl\":\"https:\\\/\\\/gubic-tuning.hr\\\/wp-content\\\/uploads\\\/2022\\\/08\\\/gubic-tuning_logo_large.png\",\"width\":390,\"height\":100,\"caption\":\"Gubi\u0107 Tuning\"},\"image\":{\"@id\":\"https:\\\/\\\/gubic-tuning.hr\\\/#\\\/schema\\\/logo\\\/image\\\/\"}}]}<\/script>\n<!-- \/ Yoast SEO plugin. -->","yoast_head_json":{"title":"Politika privatnosti - Gubi\u0107 Tuning","robots":{"index":"index","follow":"follow","max-snippet":"max-snippet:-1","max-image-preview":"max-image-preview:large","max-video-preview":"max-video-preview:-1"},"canonical":"https:\/\/gubic-tuning.hr\/en\/politika-privatnosti\/","twitter_misc":{"Estimated reading time":"4 minutes"},"schema":{"@context":"https:\/\/schema.org","@graph":[{"@type":"WebPage","@id":"https:\/\/gubic-tuning.hr\/politika-privatnosti\/","url":"https:\/\/gubic-tuning.hr\/politika-privatnosti\/","name":"Politika privatnosti - Gubi\u0107 Tuning","isPartOf":{"@id":"https:\/\/gubic-tuning.hr\/#website"},"primaryImageOfPage":{"@id":"https:\/\/gubic-tuning.hr\/politika-privatnosti\/#primaryimage"},"image":{"@id":"https:\/\/gubic-tuning.hr\/politika-privatnosti\/#primaryimage"},"thumbnailUrl":"https:\/\/gubic-tuning.hr\/wp-content\/uploads\/2026\/02\/cropped-GT-Favicon.png","datePublished":"2021-02-05T17:34:55+00:00","dateModified":"2026-02-23T12:07:19+00:00","breadcrumb":{"@id":"https:\/\/gubic-tuning.hr\/politika-privatnosti\/#breadcrumb"},"inLanguage":"en-GB","potentialAction":[{"@type":"ReadAction","target":["https:\/\/gubic-tuning.hr\/politika-privatnosti\/"]}]},{"@type":"ImageObject","inLanguage":"en-GB","@id":"https:\/\/gubic-tuning.hr\/politika-privatnosti\/#primaryimage","url":"https:\/\/gubic-tuning.hr\/wp-content\/uploads\/2026\/02\/cropped-GT-Favicon.png","contentUrl":"https:\/\/gubic-tuning.hr\/wp-content\/uploads\/2026\/02\/cropped-GT-Favicon.png","width":512,"height":512,"caption":"gubic-tuning-favicon-3"},{"@type":"BreadcrumbList","@id":"https:\/\/gubic-tuning.hr\/politika-privatnosti\/#breadcrumb","itemListElement":[{"@type":"ListItem","position":1,"name":"Home","item":"https:\/\/gubic-tuning.hr\/"},{"@type":"ListItem","position":2,"name":"Politika privatnosti"}]},{"@type":"WebSite","@id":"https:\/\/gubic-tuning.hr\/#website","url":"https:\/\/gubic-tuning.hr\/","name":"Gubi\u0107 Tuning","description":"Chiptuning, mapiranje, dijagnostika","publisher":{"@id":"https:\/\/gubic-tuning.hr\/#organization"},"potentialAction":[{"@type":"SearchAction","target":{"@type":"EntryPoint","urlTemplate":"https:\/\/gubic-tuning.hr\/?s={search_term_string}"},"query-input":{"@type":"PropertyValueSpecification","valueRequired":true,"valueName":"search_term_string"}}],"inLanguage":"en-GB"},{"@type":"Organization","@id":"https:\/\/gubic-tuning.hr\/#organization","name":"Gubi\u0107 Tuning","url":"https:\/\/gubic-tuning.hr\/","logo":{"@type":"ImageObject","inLanguage":"en-GB","@id":"https:\/\/gubic-tuning.hr\/#\/schema\/logo\/image\/","url":"https:\/\/gubic-tuning.hr\/wp-content\/uploads\/2022\/08\/gubic-tuning_logo_large.png","contentUrl":"https:\/\/gubic-tuning.hr\/wp-content\/uploads\/2022\/08\/gubic-tuning_logo_large.png","width":390,"height":100,"caption":"Gubi\u0107 Tuning"},"image":{"@id":"https:\/\/gubic-tuning.hr\/#\/schema\/logo\/image\/"}}]}},"_links":{"self":[{"href":"https:\/\/gubic-tuning.hr\/en\/wp-json\/wp\/v2\/pages\/3","targetHints":{"allow":["GET"]}}],"collection":[{"href":"https:\/\/gubic-tuning.hr\/en\/wp-json\/wp\/v2\/pages"}],"about":[{"href":"https:\/\/gubic-tuning.hr\/en\/wp-json\/wp\/v2\/types\/page"}],"author":[{"embeddable":true,"href":"https:\/\/gubic-tuning.hr\/en\/wp-json\/wp\/v2\/users\/17"}],"replies":[{"embeddable":true,"href":"https:\/\/gubic-tuning.hr\/en\/wp-json\/wp\/v2\/comments?post=3"}],"version-history":[{"count":0,"href":"https:\/\/gubic-tuning.hr\/en\/wp-json\/wp\/v2\/pages\/3\/revisions"}],"wp:featuredmedia":[{"embeddable":true,"href":"https:\/\/gubic-tuning.hr\/en\/wp-json\/wp\/v2\/media\/993917"}],"wp:attachment":[{"href":"https:\/\/gubic-tuning.hr\/en\/wp-json\/wp\/v2\/media?parent=3"}],"curies":[{"name":"wp","href":"https:\/\/api.w.org\/{rel}","templated":true}]}}