{"id":997597,"date":"2026-03-12T19:49:07","date_gmt":"2026-03-12T17:49:07","guid":{"rendered":"https:\/\/gubic-tuning.hr\/?page_id=997597"},"modified":"2026-04-24T17:45:58","modified_gmt":"2026-04-24T15:45:58","slug":"novosti","status":"publish","type":"page","link":"https:\/\/gubic-tuning.hr\/en\/novosti\/","title":{"rendered":"Novosti"},"content":{"rendered":"<div data-elementor-type=\"wp-page\" data-elementor-id=\"997597\" class=\"elementor elementor-997597\" data-elementor-post-type=\"page\">\n\t\t\t\t<div class=\"elementor-element elementor-element-03822a1 e-con-full e-flex e-con e-parent\" data-id=\"03822a1\" data-element_type=\"container\" data-e-type=\"container\">\n\t\t<div class=\"elementor-element elementor-element-3dbc629 elementor-hidden-phone e-con-full e-flex e-con e-child\" data-id=\"3dbc629\" data-element_type=\"container\" data-e-type=\"container\">\n\t\t\t\t<\/div>\n\t\t<div class=\"elementor-element elementor-element-17f8203 e-con-full e-flex e-con e-child\" data-id=\"17f8203\" data-element_type=\"container\" data-e-type=\"container\" data-settings=\"{&quot;background_background&quot;:&quot;classic&quot;}\">\n\t\t\t\t<div class=\"elementor-element elementor-element-04c0c84 elementor-widget elementor-widget-spacer\" data-id=\"04c0c84\" data-element_type=\"widget\" data-e-type=\"widget\" data-widget_type=\"spacer.default\">\n\t\t\t\t<div class=\"elementor-widget-container\">\n\t\t\t\t\t\t\t<div class=\"elementor-spacer\">\n\t\t\t<div class=\"elementor-spacer-inner\"><\/div>\n\t\t<\/div>\n\t\t\t\t\t\t<\/div>\n\t\t\t\t<\/div>\n\t\t\t\t<\/div>\n\t\t\t\t<\/div>\n\t\t<div class=\"elementor-element elementor-element-b417ca6 e-flex e-con-boxed e-con e-parent\" data-id=\"b417ca6\" data-element_type=\"container\" data-e-type=\"container\">\n\t\t\t\t\t<div class=\"e-con-inner\">\n\t\t<div class=\"elementor-element elementor-element-e5844f5 e-con-full e-flex e-con e-child\" data-id=\"e5844f5\" data-element_type=\"container\" data-e-type=\"container\" data-settings=\"{&quot;background_background&quot;:&quot;classic&quot;}\">\n\t\t\t\t<div class=\"elementor-element elementor-element-d6f0dd3 elementor-invisible elementor-widget elementor-widget-heading\" data-id=\"d6f0dd3\" data-element_type=\"widget\" data-e-type=\"widget\" data-settings=\"{&quot;_animation&quot;:&quot;fadeInUp&quot;,&quot;_animation_tablet&quot;:&quot;none&quot;,&quot;_animation_mobile&quot;:&quot;none&quot;}\" data-widget_type=\"heading.default\">\n\t\t\t\t<div class=\"elementor-widget-container\">\n\t\t\t\t\t<h6 class=\"elementor-heading-title elementor-size-default\">GUBI\u0106 TUNING<\/h6>\t\t\t\t<\/div>\n\t\t\t\t<\/div>\n\t\t\t\t<\/div>\n\t\t<div class=\"elementor-element elementor-element-38ab886 elementor-hidden-phone e-con-full e-flex e-con e-child\" data-id=\"38ab886\" data-element_type=\"container\" data-e-type=\"container\">\n\t\t\t\t<\/div>\n\t\t\t\t\t<\/div>\n\t\t\t\t<\/div>\n\t\t<div class=\"elementor-element elementor-element-7c87f1f e-flex e-con-boxed e-con e-parent\" data-id=\"7c87f1f\" data-element_type=\"container\" data-e-type=\"container\">\n\t\t\t\t\t<div class=\"e-con-inner\">\n\t\t<div class=\"elementor-element elementor-element-d2cadcd e-con-full e-flex e-con e-child\" data-id=\"d2cadcd\" data-element_type=\"container\" data-e-type=\"container\">\n\t\t\t\t<div class=\"elementor-element elementor-element-d417d51 elementor-widget-mobile__width-inherit elementor-invisible elementor-widget elementor-widget-heading\" data-id=\"d417d51\" data-element_type=\"widget\" data-e-type=\"widget\" data-settings=\"{&quot;_animation&quot;:&quot;fadeIn&quot;}\" data-widget_type=\"heading.default\">\n\t\t\t\t<div class=\"elementor-widget-container\">\n\t\t\t\t\t<h2 class=\"elementor-heading-title elementor-size-default\">Protokoli  \u2022  zadnja a\u017euriranja<\/h2>\t\t\t\t<\/div>\n\t\t\t\t<\/div>\n\t\t\t\t<div class=\"vamtam-has-theme-widget-styles elementor-element elementor-element-f15dcc5 elementor-widget-mobile__width-initial elementor-widget-tablet__width-initial elementor-widget elementor-widget-text-editor\" data-id=\"f15dcc5\" data-element_type=\"widget\" data-e-type=\"widget\" data-widget_type=\"text-editor.default\">\n\t\t\t\t<div class=\"elementor-widget-container\">\n\t\t\t\t\t\t\t\t\t<p>U nastavku stranice su prikazani najnoviji dostupni protokoli za komunikaciju i programiranje ECU, TCU, DCU ili kontrolnih jedinica za upravljanje. Poznato je da su zadnjih godina od strane proizvo\u0111a\u010da ugra\u0111ene posebne za\u0161tite u kontrolne jedinice kako bi se onemogu\u010dilo \u010ditanje i pisanje. Unato\u010d tome razvojni timovi naporno rade na otklju\u010davanju istih. Iz toga razloga\u00a0 smo uveli ovu stranicu da budete pravovremeno informirani o mogu\u0107nostima reprogramiranja .<\/p>\t\t\t\t\t\t\t\t<\/div>\n\t\t\t\t<\/div>\n\t\t\t\t<\/div>\n\t\t<div class=\"elementor-element elementor-element-d9ff2c8 elementor-hidden-phone e-con-full e-flex e-con e-child\" data-id=\"d9ff2c8\" data-element_type=\"container\" data-e-type=\"container\">\n\t\t\t\t<\/div>\n\t\t<div class=\"elementor-element elementor-element-a34bba9 e-con-full e-flex e-con e-child\" data-id=\"a34bba9\" data-element_type=\"container\" data-e-type=\"container\">\n\t\t\t\t<div class=\"vamtam-has-theme-widget-styles elementor-element elementor-element-37c3db6 elementor-widget__width-inherit elementor-widget elementor-widget-image\" data-id=\"37c3db6\" data-element_type=\"widget\" data-e-type=\"widget\" data-widget_type=\"image.default\">\n\t\t\t\t<div class=\"elementor-widget-container\">\n\t\t\t\t\t\t\t\t\t<div class=\"elementor-image\">\n\t\t\t\t\t\t\t\t\t\t\t\t\t\t\t\t\t\t\t\t\t<img decoding=\"async\" width=\"300\" height=\"128\" src=\"https:\/\/gubic-tuning.hr\/wp-content\/uploads\/2026\/02\/cmd-logo.png\" class=\"attachment-large size-large wp-image-995911\" alt=\"\" srcset=\"https:\/\/gubic-tuning.hr\/wp-content\/uploads\/2026\/02\/cmd-logo.png 300w, https:\/\/gubic-tuning.hr\/wp-content\/uploads\/2026\/02\/cmd-logo-18x8.png 18w\" sizes=\"(max-width: 300px) 100vw, 300px\" \/>\t\t\t\t\t\t\t\t\t\t\t\t\t\t\t\t\t\t\t\t\t\t\t\t<\/div>\n\t\t\t\t\t\t\t\t<\/div>\n\t\t\t\t<\/div>\n\t\t\t\t<div class=\"elementor-element elementor-element-f95b091 elementor-widget-mobile__width-inherit elementor-widget__width-inherit elementor-widget-tablet__width-inherit elementor-invisible elementor-widget elementor-widget-heading\" data-id=\"f95b091\" data-element_type=\"widget\" data-e-type=\"widget\" data-settings=\"{&quot;_animation&quot;:&quot;fadeInUp&quot;,&quot;_animation_tablet&quot;:&quot;none&quot;,&quot;_animation_mobile&quot;:&quot;none&quot;,&quot;_animation_delay&quot;:0}\" data-widget_type=\"heading.default\">\n\t\t\t\t<div class=\"elementor-widget-container\">\n\t\t\t\t\t<h4 class=\"elementor-heading-title elementor-size-default\">BRAND TECHNOLOGY<\/h4>\t\t\t\t<\/div>\n\t\t\t\t<\/div>\n\t\t\t\t<div class=\"vamtam-has-theme-widget-styles elementor-element elementor-element-a9441e1 elementor-widget__width-inherit elementor-widget elementor-widget-image\" data-id=\"a9441e1\" data-element_type=\"widget\" data-e-type=\"widget\" data-widget_type=\"image.default\">\n\t\t\t\t<div class=\"elementor-widget-container\">\n\t\t\t\t\t\t\t\t\t<div class=\"elementor-image\">\n\t\t\t\t\t\t\t\t\t\t\t\t\t\t\t\t\t\t\t\t\t<img fetchpriority=\"high\" decoding=\"async\" width=\"999\" height=\"161\" src=\"https:\/\/gubic-tuning.hr\/wp-content\/uploads\/2026\/02\/alientech-logo.svg\" class=\"attachment-large size-large wp-image-995908\" alt=\"\" \/>\t\t\t\t\t\t\t\t\t\t\t\t\t\t\t\t\t\t\t\t\t\t\t\t<\/div>\n\t\t\t\t\t\t\t\t<\/div>\n\t\t\t\t<\/div>\n\t\t\t\t<\/div>\n\t\t\t\t\t<\/div>\n\t\t\t\t<\/div>\n\t\t<div class=\"elementor-element elementor-element-5a7c6fd e-flex e-con-boxed e-con e-parent\" data-id=\"5a7c6fd\" data-element_type=\"container\" data-e-type=\"container\">\n\t\t\t\t\t<div class=\"e-con-inner\">\n\t\t<div class=\"elementor-element elementor-element-496dbb2 e-con-full e-flex e-con e-child\" data-id=\"496dbb2\" data-element_type=\"container\" data-e-type=\"container\">\n\t\t\t\t<div class=\"elementor-element elementor-element-b40c9e0 elementor-cta--valign-middle elementor-cta--skin-classic elementor-animated-content elementor-bg-transform elementor-bg-transform-zoom-in elementor-widget elementor-widget-call-to-action\" data-id=\"b40c9e0\" data-element_type=\"widget\" data-e-type=\"widget\" data-widget_type=\"call-to-action.default\">\n\t\t\t\t<div class=\"elementor-widget-container\">\n\t\t\t\t\t\t\t<div class=\"elementor-cta\">\n\t\t\t\t\t\t\t<div class=\"elementor-cta__content\">\n\t\t\t\t\n\t\t\t\t\t\t\t\t\t<h5 class=\"elementor-cta__title elementor-cta__content-item elementor-content-item\">\n\t\t\t\t\t\tFord  \u2022 Continental SID212\t\t\t\t\t<\/h5>\n\t\t\t\t\n\t\t\t\t\t\t\t\t\t<div class=\"elementor-cta__description elementor-cta__content-item elementor-content-item\">\n\t\t\t\t\t\t11.03.2026 \u2022 Protokol je u funkciji<br><br>\n\nFocus, Galaxy, Mondeo, Ranger, Transit, S-Max, Kuga, Edge, Focus ST, Ranger T6, Transit Custom, Tourneo Custom, Ranger Raptor.\n<br><br>\nVrijedi za sve modele proizvedene do danas.\t\t\t\t\t<\/div>\n\t\t\t\t\n\t\t\t\t\t\t\t<\/div>\n\t\t\t\t\t\t<\/div>\n\t\t\t\t\t\t<\/div>\n\t\t\t\t<\/div>\n\t\t\t\t<\/div>\n\t\t<div class=\"elementor-element elementor-element-87ad50e elementor-hidden-desktop elementor-hidden-tablet elementor-hidden-mobile e-con-full e-flex e-con e-child\" data-id=\"87ad50e\" data-element_type=\"container\" data-e-type=\"container\">\n\t\t\t\t<div class=\"elementor-element elementor-element-48d44bc elementor-cta--valign-middle elementor-cta--skin-classic elementor-animated-content elementor-bg-transform elementor-bg-transform-zoom-in elementor-widget elementor-widget-call-to-action\" data-id=\"48d44bc\" data-element_type=\"widget\" data-e-type=\"widget\" data-widget_type=\"call-to-action.default\">\n\t\t\t\t<div class=\"elementor-widget-container\">\n\t\t\t\t\t\t\t<div class=\"elementor-cta\">\n\t\t\t\t\t\t\t\t<\/div>\n\t\t\t\t\t\t<\/div>\n\t\t\t\t<\/div>\n\t\t\t\t<\/div>\n\t\t\t\t\t<\/div>\n\t\t\t\t<\/div>\n\t\t\t\t<\/div>","protected":false},"excerpt":{"rendered":"<p>GUBI\u0106 TUNING Protokoli \u2022 zadnja a\u017euriranja U nastavku stranice su prikazani najnoviji dostupni protokoli za komunikaciju i programiranje ECU, TCU, DCU ili kontrolnih jedinica za upravljanje. Poznato je da su zadnjih godina od strane proizvo\u0111a\u010da ugra\u0111ene posebne za\u0161tite u kontrolne jedinice kako bi se onemogu\u010dilo \u010ditanje i pisanje. Unato\u010d tome razvojni timovi naporno rade na&#8230;<\/p>","protected":false},"author":17,"featured_media":0,"parent":0,"menu_order":0,"comment_status":"closed","ping_status":"closed","template":"","meta":{"footnotes":""},"class_list":["post-997597","page","type-page","status-publish","hentry"],"yoast_head":"<!-- This site is optimized with the Yoast SEO plugin v27.5 - https:\/\/yoast.com\/product\/yoast-seo-wordpress\/ -->\n<title>Novosti - Gubi\u0107 Tuning<\/title>\n<meta name=\"robots\" content=\"index, follow, max-snippet:-1, max-image-preview:large, max-video-preview:-1\" \/>\n<link rel=\"canonical\" href=\"https:\/\/gubic-tuning.hr\/en\/novosti\/\" \/>\n<meta name=\"twitter:label1\" content=\"Estimated reading time\" \/>\n\t<meta name=\"twitter:data1\" content=\"1 minute\" \/>\n<script type=\"application\/ld+json\" class=\"yoast-schema-graph\">{\"@context\":\"https:\\\/\\\/schema.org\",\"@graph\":[{\"@type\":\"WebPage\",\"@id\":\"https:\\\/\\\/gubic-tuning.hr\\\/novosti\\\/\",\"url\":\"https:\\\/\\\/gubic-tuning.hr\\\/novosti\\\/\",\"name\":\"Novosti - Gubi\u0107 Tuning\",\"isPartOf\":{\"@id\":\"https:\\\/\\\/gubic-tuning.hr\\\/#website\"},\"primaryImageOfPage\":{\"@id\":\"https:\\\/\\\/gubic-tuning.hr\\\/novosti\\\/#primaryimage\"},\"image\":{\"@id\":\"https:\\\/\\\/gubic-tuning.hr\\\/novosti\\\/#primaryimage\"},\"thumbnailUrl\":\"https:\\\/\\\/gubic-tuning.hr\\\/wp-content\\\/uploads\\\/2026\\\/02\\\/cmd-logo.png\",\"datePublished\":\"2026-03-12T17:49:07+00:00\",\"dateModified\":\"2026-04-24T15:45:58+00:00\",\"breadcrumb\":{\"@id\":\"https:\\\/\\\/gubic-tuning.hr\\\/novosti\\\/#breadcrumb\"},\"inLanguage\":\"en-GB\",\"potentialAction\":[{\"@type\":\"ReadAction\",\"target\":[\"https:\\\/\\\/gubic-tuning.hr\\\/novosti\\\/\"]}]},{\"@type\":\"ImageObject\",\"inLanguage\":\"en-GB\",\"@id\":\"https:\\\/\\\/gubic-tuning.hr\\\/novosti\\\/#primaryimage\",\"url\":\"https:\\\/\\\/gubic-tuning.hr\\\/wp-content\\\/uploads\\\/2026\\\/02\\\/cmd-logo.png\",\"contentUrl\":\"https:\\\/\\\/gubic-tuning.hr\\\/wp-content\\\/uploads\\\/2026\\\/02\\\/cmd-logo.png\"},{\"@type\":\"BreadcrumbList\",\"@id\":\"https:\\\/\\\/gubic-tuning.hr\\\/novosti\\\/#breadcrumb\",\"itemListElement\":[{\"@type\":\"ListItem\",\"position\":1,\"name\":\"Home\",\"item\":\"https:\\\/\\\/gubic-tuning.hr\\\/\"},{\"@type\":\"ListItem\",\"position\":2,\"name\":\"Novosti\"}]},{\"@type\":\"WebSite\",\"@id\":\"https:\\\/\\\/gubic-tuning.hr\\\/#website\",\"url\":\"https:\\\/\\\/gubic-tuning.hr\\\/\",\"name\":\"Gubi\u0107 Tuning\",\"description\":\"Chiptuning, mapiranje, dijagnostika\",\"publisher\":{\"@id\":\"https:\\\/\\\/gubic-tuning.hr\\\/#organization\"},\"potentialAction\":[{\"@type\":\"SearchAction\",\"target\":{\"@type\":\"EntryPoint\",\"urlTemplate\":\"https:\\\/\\\/gubic-tuning.hr\\\/?s={search_term_string}\"},\"query-input\":{\"@type\":\"PropertyValueSpecification\",\"valueRequired\":true,\"valueName\":\"search_term_string\"}}],\"inLanguage\":\"en-GB\"},{\"@type\":\"Organization\",\"@id\":\"https:\\\/\\\/gubic-tuning.hr\\\/#organization\",\"name\":\"Gubi\u0107 Tuning\",\"url\":\"https:\\\/\\\/gubic-tuning.hr\\\/\",\"logo\":{\"@type\":\"ImageObject\",\"inLanguage\":\"en-GB\",\"@id\":\"https:\\\/\\\/gubic-tuning.hr\\\/#\\\/schema\\\/logo\\\/image\\\/\",\"url\":\"https:\\\/\\\/gubic-tuning.hr\\\/wp-content\\\/uploads\\\/2022\\\/08\\\/gubic-tuning_logo_large.png\",\"contentUrl\":\"https:\\\/\\\/gubic-tuning.hr\\\/wp-content\\\/uploads\\\/2022\\\/08\\\/gubic-tuning_logo_large.png\",\"width\":390,\"height\":100,\"caption\":\"Gubi\u0107 Tuning\"},\"image\":{\"@id\":\"https:\\\/\\\/gubic-tuning.hr\\\/#\\\/schema\\\/logo\\\/image\\\/\"}}]}<\/script>\n<!-- \/ Yoast SEO plugin. -->","yoast_head_json":{"title":"Novosti - Gubi\u0107 Tuning","robots":{"index":"index","follow":"follow","max-snippet":"max-snippet:-1","max-image-preview":"max-image-preview:large","max-video-preview":"max-video-preview:-1"},"canonical":"https:\/\/gubic-tuning.hr\/en\/novosti\/","twitter_misc":{"Estimated reading time":"1 minute"},"schema":{"@context":"https:\/\/schema.org","@graph":[{"@type":"WebPage","@id":"https:\/\/gubic-tuning.hr\/novosti\/","url":"https:\/\/gubic-tuning.hr\/novosti\/","name":"Novosti - Gubi\u0107 Tuning","isPartOf":{"@id":"https:\/\/gubic-tuning.hr\/#website"},"primaryImageOfPage":{"@id":"https:\/\/gubic-tuning.hr\/novosti\/#primaryimage"},"image":{"@id":"https:\/\/gubic-tuning.hr\/novosti\/#primaryimage"},"thumbnailUrl":"https:\/\/gubic-tuning.hr\/wp-content\/uploads\/2026\/02\/cmd-logo.png","datePublished":"2026-03-12T17:49:07+00:00","dateModified":"2026-04-24T15:45:58+00:00","breadcrumb":{"@id":"https:\/\/gubic-tuning.hr\/novosti\/#breadcrumb"},"inLanguage":"en-GB","potentialAction":[{"@type":"ReadAction","target":["https:\/\/gubic-tuning.hr\/novosti\/"]}]},{"@type":"ImageObject","inLanguage":"en-GB","@id":"https:\/\/gubic-tuning.hr\/novosti\/#primaryimage","url":"https:\/\/gubic-tuning.hr\/wp-content\/uploads\/2026\/02\/cmd-logo.png","contentUrl":"https:\/\/gubic-tuning.hr\/wp-content\/uploads\/2026\/02\/cmd-logo.png"},{"@type":"BreadcrumbList","@id":"https:\/\/gubic-tuning.hr\/novosti\/#breadcrumb","itemListElement":[{"@type":"ListItem","position":1,"name":"Home","item":"https:\/\/gubic-tuning.hr\/"},{"@type":"ListItem","position":2,"name":"Novosti"}]},{"@type":"WebSite","@id":"https:\/\/gubic-tuning.hr\/#website","url":"https:\/\/gubic-tuning.hr\/","name":"Gubi\u0107 Tuning","description":"Chiptuning, mapiranje, dijagnostika","publisher":{"@id":"https:\/\/gubic-tuning.hr\/#organization"},"potentialAction":[{"@type":"SearchAction","target":{"@type":"EntryPoint","urlTemplate":"https:\/\/gubic-tuning.hr\/?s={search_term_string}"},"query-input":{"@type":"PropertyValueSpecification","valueRequired":true,"valueName":"search_term_string"}}],"inLanguage":"en-GB"},{"@type":"Organization","@id":"https:\/\/gubic-tuning.hr\/#organization","name":"Gubi\u0107 Tuning","url":"https:\/\/gubic-tuning.hr\/","logo":{"@type":"ImageObject","inLanguage":"en-GB","@id":"https:\/\/gubic-tuning.hr\/#\/schema\/logo\/image\/","url":"https:\/\/gubic-tuning.hr\/wp-content\/uploads\/2022\/08\/gubic-tuning_logo_large.png","contentUrl":"https:\/\/gubic-tuning.hr\/wp-content\/uploads\/2022\/08\/gubic-tuning_logo_large.png","width":390,"height":100,"caption":"Gubi\u0107 Tuning"},"image":{"@id":"https:\/\/gubic-tuning.hr\/#\/schema\/logo\/image\/"}}]}},"_links":{"self":[{"href":"https:\/\/gubic-tuning.hr\/en\/wp-json\/wp\/v2\/pages\/997597","targetHints":{"allow":["GET"]}}],"collection":[{"href":"https:\/\/gubic-tuning.hr\/en\/wp-json\/wp\/v2\/pages"}],"about":[{"href":"https:\/\/gubic-tuning.hr\/en\/wp-json\/wp\/v2\/types\/page"}],"author":[{"embeddable":true,"href":"https:\/\/gubic-tuning.hr\/en\/wp-json\/wp\/v2\/users\/17"}],"replies":[{"embeddable":true,"href":"https:\/\/gubic-tuning.hr\/en\/wp-json\/wp\/v2\/comments?post=997597"}],"version-history":[{"count":0,"href":"https:\/\/gubic-tuning.hr\/en\/wp-json\/wp\/v2\/pages\/997597\/revisions"}],"wp:attachment":[{"href":"https:\/\/gubic-tuning.hr\/en\/wp-json\/wp\/v2\/media?parent=997597"}],"curies":[{"name":"wp","href":"https:\/\/api.w.org\/{rel}","templated":true}]}}